{"id":2,"date":"2024-03-04T13:45:29","date_gmt":"2024-03-04T19:45:29","guid":{"rendered":"http:\/\/www.wpnux.godaddy.com\/personal-blog\/?page_id=2"},"modified":"2024-03-04T13:45:30","modified_gmt":"2024-03-04T19:45:30","slug":"rudy-fernandez","status":"publish","type":"page","link":"http:\/\/www.rfaconsulting.com.mx\/rudyfernandez\/rudy-fernandez\/","title":{"rendered":"Soy Rudy"},"content":{"rendered":"<p style=\"text-align: justify;\">\u00a1Hola! Mi nombre es <strong>Rudy Fern\u00e1ndez Escobedo.<\/strong><\/p>\n<p><a href=\"http:\/\/www.rfaconsulting.com.mx\/rudyfernandez\/wp-content\/uploads\/2024\/03\/PIC_RudyFernandez-adj.jpg\"><img loading=\"lazy\" decoding=\"async\" class=\"alignright wp-image-338\" src=\"http:\/\/www.rfaconsulting.com.mx\/rudyfernandez\/wp-content\/uploads\/2024\/03\/PIC_RudyFernandez-adj.jpg\" alt=\"rudy\" width=\"210\" height=\"270\" srcset=\"http:\/\/www.rfaconsulting.com.mx\/rudyfernandez\/wp-content\/uploads\/2024\/03\/PIC_RudyFernandez-adj.jpg 1538w, http:\/\/www.rfaconsulting.com.mx\/rudyfernandez\/wp-content\/uploads\/2024\/03\/PIC_RudyFernandez-adj-233x300.jpg 233w, http:\/\/www.rfaconsulting.com.mx\/rudyfernandez\/wp-content\/uploads\/2024\/03\/PIC_RudyFernandez-adj-795x1024.jpg 795w, http:\/\/www.rfaconsulting.com.mx\/rudyfernandez\/wp-content\/uploads\/2024\/03\/PIC_RudyFernandez-adj-768x989.jpg 768w, http:\/\/www.rfaconsulting.com.mx\/rudyfernandez\/wp-content\/uploads\/2024\/03\/PIC_RudyFernandez-adj-1193x1536.jpg 1193w\" sizes=\"(max-width: 210px) 100vw, 210px\" \/><\/a>Soy <i>Licenciado en Administraci\u00f3n <\/i>con un <i>MBA<\/i> por EGADE Business School \u2013 Tec de Monterrey en la Cd. de Monterrey y poseo una <i>Especializaci\u00f3n en Finanzas <\/i>por ESSEC Business School en Par\u00eds, Francia. Estoy certificado en <i>Best<\/i> <i>Practices<\/i> <i>According<\/i> <i>to<\/i> <i>PMbok<\/i>, por el Project Management Institute y posee <i>un Diplomado en Finanzas P\u00fablicas<\/i> por la UNAM-SHCP. Por otro lado, ha recibido formaci\u00f3n en <em>Coaching<\/em> en la Universidad Complutense de Madrid, en Espa\u00f1a. Actualmente, estoy por concluir un <i>Doctorado en Econom\u00eda <\/i>en Euskal Herriko Unibertsitatea\/Universidad del Pa\u00eds Vasco, en Bilbao, Espa\u00f1a.<\/p>\n<p>Adem\u00e1s de mi primer libro, <i>\u00abLa Estrategia Promocional y los Nuevos Segmentos de Mercado\u00bb (<\/i>ISBN-13: 978-3845499437), soy autor y coautor de art\u00edculos de investigaci\u00f3n publicados en <i>Journals<\/i> internacionales especializados en el \u00e1mbito de desarrollo empresarial, desarrollo regional y emprendimiento, adem\u00e1s de ser congresista en pa\u00edses como Espa\u00f1a, Italia, Inglaterra, Rumania y China.<\/p>\n<p>Ha tenido la oportunidad\u00a0 de desarrollar proyectos para el Sector P\u00fablico y Privado en Espa\u00f1a, Francia, M\u00e9xico, Costa Rica, Ecuador, Panam\u00e1 y Colombia, en colaboraci\u00f3n con firmas de consultor\u00eda nacionales e internacionales.<\/p>\n<p>Algunas empresas para las que he lleguado a colaborar como consultor son Telef\u00f3nica, Toyota,\u00a0 Ecuaestibas, Mazda Motors, Lafarge, Western Union, Grupo Monge y el Tec de Monterrey.<\/p>\n<p>Fund\u00e9 RF&amp;A Consulting en 2011, y tambi\u00e9n pertenezco al Departamento de Econom\u00eda y Negocios en la Universidad TecMilenio, en la que soy profesor de posgrado. He tenido la oportunidad de ofrecer conferencias en universidades, cumbres de negocios y organismos empresariales en M\u00e9xico y el extranjero. Desde el a\u00f1o 2017 formo parte del equipo de Evaluadores Externos del Instituto de Evaluaci\u00f3n de Pol\u00edtica P\u00fablica (INEVAP) y asesoro a administraciones p\u00fablicas Estatales y Municipales en materia de pol\u00edticas p\u00fablicas.<\/p>\n<p style=\"text-align: justify;\">\u00a1Gracias por visitar mi blog! Si est\u00e1s aqu\u00ed es porque disfrutas tanto de los negocios como yo, as\u00ed que bienvenido. Aprendamos juntos y no olvides comentar mis <a href=\"http:\/\/www.rfaconsulting.com.mx\/rudyfernandez\/\">blogs<\/a>. Tambi\u00e9n puedes agregarme en <a href=\"https:\/\/www.linkedin.com\/in\/rudyfernandezescobedo\/\">LinkedIn<\/a>.<\/p>\n","protected":false},"excerpt":{"rendered":"<p>\u00a1Hola! Mi nombre es Rudy Fern\u00e1ndez Escobedo. Soy Licenciado en Administraci\u00f3n con un MBA por EGADE Business School \u2013 Tec de Monterrey en la Cd. de Monterrey y poseo una Especializaci\u00f3n en Finanzas por ESSEC Business School en Par\u00eds, Francia. Estoy certificado en Best Practices According to PMbok, por el Project Management Institute y posee [&hellip;]<\/p>\n","protected":false},"author":1,"featured_media":0,"parent":0,"menu_order":0,"comment_status":"closed","ping_status":"closed","template":"","meta":{"_exactmetrics_skip_tracking":false,"_exactmetrics_sitenote_active":false,"_exactmetrics_sitenote_note":"","_exactmetrics_sitenote_category":0,"site-container-style":"default","site-container-layout":"default","site-sidebar-layout":"default","disable-article-header":"default","disable-site-header":"default","disable-site-footer":"default","disable-content-area-spacing":"default","footnotes":""},"_links":{"self":[{"href":"http:\/\/www.rfaconsulting.com.mx\/rudyfernandez\/wp-json\/wp\/v2\/pages\/2"}],"collection":[{"href":"http:\/\/www.rfaconsulting.com.mx\/rudyfernandez\/wp-json\/wp\/v2\/pages"}],"about":[{"href":"http:\/\/www.rfaconsulting.com.mx\/rudyfernandez\/wp-json\/wp\/v2\/types\/page"}],"author":[{"embeddable":true,"href":"http:\/\/www.rfaconsulting.com.mx\/rudyfernandez\/wp-json\/wp\/v2\/users\/1"}],"replies":[{"embeddable":true,"href":"http:\/\/www.rfaconsulting.com.mx\/rudyfernandez\/wp-json\/wp\/v2\/comments?post=2"}],"version-history":[{"count":23,"href":"http:\/\/www.rfaconsulting.com.mx\/rudyfernandez\/wp-json\/wp\/v2\/pages\/2\/revisions"}],"predecessor-version":[{"id":340,"href":"http:\/\/www.rfaconsulting.com.mx\/rudyfernandez\/wp-json\/wp\/v2\/pages\/2\/revisions\/340"}],"wp:attachment":[{"href":"http:\/\/www.rfaconsulting.com.mx\/rudyfernandez\/wp-json\/wp\/v2\/media?parent=2"}],"curies":[{"name":"wp","href":"https:\/\/api.w.org\/{rel}","templated":true}]}}