{"id":156,"date":"2018-04-17T21:01:40","date_gmt":"2018-04-18T02:01:40","guid":{"rendered":"http:\/\/www.rfaconsulting.com.mx\/talento\/?page_id=156"},"modified":"2022-02-12T17:27:08","modified_gmt":"2022-02-12T23:27:08","slug":"inicio","status":"publish","type":"page","link":"http:\/\/www.rfaconsulting.com.mx\/talento\/","title":{"rendered":"#EligeCrecer"},"content":{"rendered":"\n<h3>S\u00e9 un L\u00edder de la Econom\u00eda del Conocimiento<\/h3>\n<p>El mundo ha cambiado y estas consciente de ello. La demanda de servicios especializados por parte de las empresas no para de crecer, ya que el acceso al mejor talento y al conocimiento de primer nivel, se ha convertido para ellas en una herramienta que las hace mas competitivas en un mercado&nbsp; saturado.<\/p>\n<p>T\u00fa por tu parte, si est\u00e1s aqu\u00ed ahora, es porque eres una persona con formaci\u00f3n profesional de primer nivel, emprendedora, resiliente y con mucha visi\u00f3n &#8211;&nbsp; y quiz\u00e1s eres freelance-, que est\u00e1s interesada convertirse en uno de esos profesionales que han ganado su libertad personal, profesional y financiera, brindando servicios especializados a las empresas.<\/p>\n<p>RF&amp;A Consulting te ofrece la oportunidad de formar parte de su proyecto, un proyecto que te permitir\u00e1 emprender y hasta ser pagado por ello. Desarrollarte como Business Development Associate o como Business Partner, no solo te permitir\u00e1 desarrollar tu prop\u00f3sito de vida, sino que tambi\u00e9n te ofrecer\u00e1:<\/p>\n<ul>\n<li>Desenvolverte en un ambiente empresarial a nivel Directivo.<\/li>\n<li>Aprendizaje constante y tierra f\u00e9rtil para probar tus ideas.<\/li>\n<li>Integrarte a un espacio de colaboraci\u00f3n virtual y donde el home office es una realidad, \u00a1adi\u00f3s a la oficina tradicional!<\/li>\n<li>Tener un excelente balance entre tus actividades sociales, intereses personales y tu vida profesional.<\/li>\n<\/ul>\n<p>Si quieres saber mas sobre lo que hacemos, conoce m\u00e1s <a href=\"http:\/\/www.rfaconsulting.com.mx\">aqu\u00ed<\/a>.<\/p>\n\t\t\t\t<img decoding=\"async\" src=\"http:\/\/www.rfaconsulting.com.mx\/talento\/wp-content\/uploads\/2018\/04\/ff460688-fff3-4203-bdc3-b37f1a43f525.jpg\" alt=\"ff460688-fff3-4203-bdc3-b37f1a43f525\" itemprop=\"image\">\n\t\t<h3>\u00bfListo para cambiar tu vida? <\/h3>\n\t\t<p>Si te gust\u00f3 lo que acabas de leer y crees tener lo necesario para emprender junto con nosotros, y formar parte de algo mas grande \u00a1te estamos esperando! La Evoluci\u00f3n de la Consultor\u00eda est\u00e1 aqu\u00ed:<\/p>\n\t\t\t<a href=\"http:\/\/www.rfaconsulting.com.mx\/talento\/aplica-ahora\/\" target=\"_self\" role=\"button\" rel=\"noopener\">\n\t\t\t\t\t\tAplica Ahora\n\t\t\t\t\t<\/a>\n","protected":false},"excerpt":{"rendered":"<p>S\u00e9 un L\u00edder de la Econom\u00eda del Conocimiento El mundo ha cambiado y estas consciente de ello. La demanda de&hellip;<\/p>\n","protected":false},"author":1,"featured_media":0,"parent":0,"menu_order":0,"comment_status":"closed","ping_status":"closed","template":"","meta":{"footnotes":""},"_links":{"self":[{"href":"http:\/\/www.rfaconsulting.com.mx\/talento\/wp-json\/wp\/v2\/pages\/156"}],"collection":[{"href":"http:\/\/www.rfaconsulting.com.mx\/talento\/wp-json\/wp\/v2\/pages"}],"about":[{"href":"http:\/\/www.rfaconsulting.com.mx\/talento\/wp-json\/wp\/v2\/types\/page"}],"author":[{"embeddable":true,"href":"http:\/\/www.rfaconsulting.com.mx\/talento\/wp-json\/wp\/v2\/users\/1"}],"replies":[{"embeddable":true,"href":"http:\/\/www.rfaconsulting.com.mx\/talento\/wp-json\/wp\/v2\/comments?post=156"}],"version-history":[{"count":12,"href":"http:\/\/www.rfaconsulting.com.mx\/talento\/wp-json\/wp\/v2\/pages\/156\/revisions"}],"predecessor-version":[{"id":356,"href":"http:\/\/www.rfaconsulting.com.mx\/talento\/wp-json\/wp\/v2\/pages\/156\/revisions\/356"}],"wp:attachment":[{"href":"http:\/\/www.rfaconsulting.com.mx\/talento\/wp-json\/wp\/v2\/media?parent=156"}],"curies":[{"name":"wp","href":"https:\/\/api.w.org\/{rel}","templated":true}]}}