{"id":235,"date":"2018-04-17T21:01:40","date_gmt":"2018-04-18T02:01:40","guid":{"rendered":"http:\/\/www.rfaconsulting.com.mx\/talento\/?page_id=235"},"modified":"2019-09-09T11:53:28","modified_gmt":"2019-09-09T16:53:28","slug":"faq","status":"publish","type":"page","link":"http:\/\/www.rfaconsulting.com.mx\/talento\/faq\/","title":{"rendered":"Preguntas frecuentes"},"content":{"rendered":"<p>Adem\u00e1s de visitar nuestra <a href=\"http:\/\/www.rfaconsulting.com.mx\/\">p\u00e1gina<\/a> para conocer un poco mas sobre lo que hacemos y donde estamos, seguramente tienes muchas otras preguntas sobre esta oportunidad que hoy esta frente a ti. Esperamos que encentres algunas de las respuestas que buscas enseguida:<\/p>\n<hr \/>\n<h3>\u00bfPor qu\u00e9 te necesitamos?<\/h3>\n<p>Las firmas dedicadas a la prestaci\u00f3n de servicios profesionales descansan fuertemente en las capacidades de sus miembros. Es por ello que buscamos gente joven, emprendedora y apasionada de los negocios, que sea capaz no solo de dominar el modelo de consultor\u00eda que hemos desarrollado, sino de crear modelos nuevos en un entorno de aprendizaje constante y donde recibir\u00e1 el apoyo para seguir creando.<\/p>\n<p>Adem\u00e1s, tambi\u00e9n estamos conscientes que desde hace d\u00e9cadas, el modelo mas exitoso de crecimiento de una firma de Consultor\u00eda ha sido incorporar nuevo talento, capaz de dirigir y desarrollar nuevos mercados bajo su liderazgo. Es un modelo ganar-ganar.<\/p>\n<hr \/>\n<h3>\u00bfPor qu\u00e9 nos necesitas?<\/h3>\n<p>A lo largo de los a\u00f1os hemos conocido un sin fin de j\u00f3venes talentosos como t\u00fa, que tienen mucho que ofrecer\u00a0 las empresas pero no tienen idea de como iniciar y carecen de una plataforma para ello.<\/p>\n<p>No te mentiremos, construir una firma de consultor\u00eda no es sencillo y requiere tiempo, dinero, esfuerzo y mucha resiliencia; pero hoy estamos aqu\u00ed, dispuestos a compartir contigo lo que hemos construido, para que tu tambi\u00e9n hagas tu sue\u00f1o realidad y de esta manera crezcamos juntos.<\/p>\n<hr \/>\n<h3>\u00bfCual es la diferencia entre un Business Partner y un Business Development Associate?<\/h3>\n<p>Adem\u00e1s de que para ambas figuras\u00a0<strong>las habilidades comerciales son fundamentales, <\/strong>las diferencias que existen entre ellas son las mismas que hay entre un Socio y un Asociado. El Asociado desarrolla funciones muy espec\u00edficas y su modelo de compensaci\u00f3n tambi\u00e9n es muy preciso, mientras que el Socio se involucra de forma mas profunda y sus decisiones tienen de un espectro mas amplio, adem\u00e1s de que su modelo de compensaci\u00f3n es mas flexible y depende en gran medida de las utilidades de la empresa.<\/p>\n<p>Desde nuestra perspectiva, un Business Development Associate es un Bunsiness Parner en entrenamiento, y su funci\u00f3n central es desarrollar los negocios de la Firma, a trav\u00e9s de su entendimiento del mercado y su capacidad de networking, as\u00ed como tambi\u00e9n de su profunda comprensi\u00f3n de lo que es un servicio de consultor\u00eda especializada.<\/p>\n<p>Por otro lado, un Business Parner adem\u00e1s de velar por el crecimiento y consolidaci\u00f3n de la Firma mas all\u00e1 de su plaza, asume tambi\u00e9n un rol de liderazgo en los proyectos que est\u00e1n siendo ejecutados en su regi\u00f3n y es el primer responsable del desarrollo de su equipo de consultores y sus\u00a0Business Development Associates.<\/p>\n<p>Ambas figuras tienen la libertad de desarrollar nuevos servicios -bajo el soporte y orientaci\u00f3n de la Firma-\u00a0 y se desenvuelven siempre a niveles Directivos, teniendo trato directo con los Top Client de los prospectos y los proyectos.<\/p>\n<hr \/>\n<h3>\u00bfCualquiera puede incorporarse a la firma?<\/h3>\n<p>Desafortunadamente la Firma hace distintas inversiones con la finalidad de desarrollar\u00a0 y apoyar a sus Socios y Asociados, sobre todo en sus etapas iniciales de aprendizaje, por lo tanto es una oportunidad que se le brinda solo a aquellos que demuestren tener las capacidades, las motivaciones y la visi\u00f3n necesaria para ello. Por otro lado, la Firma garantiza tambi\u00e9n a sus Socios y Asociados exclusividad territorial, privilegio y responsabilidad que hace necesario un cuidadoso proceso de selecci\u00f3n.<\/p>\n<hr \/>\n<h3>\u00bfHay exclusividad territorial para los\u00a0Business Partners y los Business Development Associates?<\/h3>\n<p>S\u00ed, aunque en plazas demasiado grandes podr\u00edan llegar a coexistir dos o mas Asociados, aunque nunca habr\u00e1 mas de un socio por plaza.<\/p>\n<hr \/>\n<h3>\u00bfCu\u00e1nto puedo ganar como\u00a0Business Partners y los Business Development Associate?<\/h3>\n<p>Pr\u00e1cticamente no hay l\u00edmite para ello, ya que depender\u00e1 del tama\u00f1o y la cantidad de negocios que operes (no hay l\u00edmites o topes). Sin embargo, como Asociado recibes un ingreso fijo, adem\u00e1s de todos los bonos, comisiones y dem\u00e1s prestaciones, mucha de las cuales depender\u00e1n del tama\u00f1o de los negocios que desarrolles; como Socio, pr\u00e1cticamente ser\u00e1s un empresario, y tus ingresos depender\u00e1n de la rentabilidad de tu plaza, pero de antemano es importante que sepas que los m\u00e1rgenes en la consultor\u00eda son de los mas altos que existen entre las empresas de servicios, y los tratos que puedes llegar a cerrar pueden ser desde los $30,000 hasta mas de $1 mill\u00f3n de pesos.<\/p>\n<p>Para concluir, es importante precisar que el potencial de ingreso de un Socio es significativamente mayor que el de un Asociado.<\/p>\n<hr \/>\n<h3>\u00bfEs RF&amp;A Consulting en una franquicia?<\/h3>\n<p>S\u00ed. Estamos convencidos de que el crecimiento viene de la mano del trabajo en equipo; si est\u00e1s interesado en operar tu propia oficina, como franquiciatario de RF&amp;A Consulting, consulta el <a href=\"http:\/\/www.rfaconsulting.com.mx\/franquicia\">micrositio de la franquicia<\/a>.<\/p>\n<hr \/>\n<h3>\u00bfQue pasa si no me interesa el desarrollo de negocios y estoy interesado en el \u00e1mbito operativo como Consultor o Gerente de Proyecto?<\/h3>\n<p>\u00a1Perfecto! Tambi\u00e9n necesitamos personas excepcionales que quieran desarrollarse el aspecto operativo de la consultor\u00eda. Para ti tenemos otro tipo de esquema, pero nuestra necesidad de consultores depender\u00e1 de la cantidad de proyectos activos en tu regi\u00f3n \u00a1mantente atento y s\u00edguenos en <a href=\"http:\/\/www.facebook.com\/RfaConsultingMx\">redes sociales<\/a> para conocer mas oportunidades!<\/p>\n<hr \/>\n<h3>Yo tambi\u00e9n quiero ser entrenado por RF&amp;A Consulting, pero para crear MI PROPIA firma de consultor\u00eda, \u00bfme pueden ayudar?<\/h3>\n<p>\u00a1Por supuesto! Pero para ello deber\u00e1s inscribirte en un programa de entrenamiento que te ayudar\u00e1 a dise\u00f1ar e implementar tu propia plataforma de consultor\u00eda. Este programa tiene un costo para ti, pero te dar\u00e1 todas las herramientas y los conocimientos que necesitas para emprender por tu cuenta, adem\u00e1s de que recuperar\u00e1s tu inversi\u00f3n en menos de 6 meses. Para mas informaci\u00f3n env\u00edanos un correo a <a href=\"mailto:contacto@rfaconsulting.com.mx\">contacto@rfaconsulting.com.mx<\/a>\u00a0se\u00f1alando en el asunto \u00abDesarrollando mi Propia Firma\u00bb, en el que nos plantees todas tus dudas para hacerte llegar mas informaci\u00f3n.<\/p>\n<hr \/>\n<p>&nbsp;<\/p>\n","protected":false},"excerpt":{"rendered":"<p>Adem\u00e1s de visitar nuestra p\u00e1gina para conocer un poco mas sobre lo que hacemos y donde estamos, seguramente tienes muchas&hellip;<\/p>\n","protected":false},"author":1,"featured_media":0,"parent":0,"menu_order":0,"comment_status":"closed","ping_status":"closed","template":"","meta":{"footnotes":""},"_links":{"self":[{"href":"http:\/\/www.rfaconsulting.com.mx\/talento\/wp-json\/wp\/v2\/pages\/235"}],"collection":[{"href":"http:\/\/www.rfaconsulting.com.mx\/talento\/wp-json\/wp\/v2\/pages"}],"about":[{"href":"http:\/\/www.rfaconsulting.com.mx\/talento\/wp-json\/wp\/v2\/types\/page"}],"author":[{"embeddable":true,"href":"http:\/\/www.rfaconsulting.com.mx\/talento\/wp-json\/wp\/v2\/users\/1"}],"replies":[{"embeddable":true,"href":"http:\/\/www.rfaconsulting.com.mx\/talento\/wp-json\/wp\/v2\/comments?post=235"}],"version-history":[{"count":12,"href":"http:\/\/www.rfaconsulting.com.mx\/talento\/wp-json\/wp\/v2\/pages\/235\/revisions"}],"predecessor-version":[{"id":353,"href":"http:\/\/www.rfaconsulting.com.mx\/talento\/wp-json\/wp\/v2\/pages\/235\/revisions\/353"}],"wp:attachment":[{"href":"http:\/\/www.rfaconsulting.com.mx\/talento\/wp-json\/wp\/v2\/media?parent=235"}],"curies":[{"name":"wp","href":"https:\/\/api.w.org\/{rel}","templated":true}]}}